{"id":3994,"date":"2021-07-02T22:41:52","date_gmt":"2021-07-02T22:41:52","guid":{"rendered":"https:\/\/astrids.la-studioweb.com\/?page_id=3994"},"modified":"2024-08-04T20:57:29","modified_gmt":"2024-08-04T17:57:29","slug":"haberler","status":"publish","type":"page","link":"https:\/\/icainsaat.net\/index.php\/haberler\/","title":{"rendered":"Haberler"},"content":{"rendered":"\t\t<div data-elementor-type=\"wp-page\" data-elementor-id=\"3994\" class=\"elementor elementor-3994\">\n\t\t\t\t\t\t<div class=\"elementor-section elementor-top-section elementor-element elementor-element-f52207c elementor-section-boxed elementor-section-height-default elementor-section-height-default e-parent\" data-id=\"f52207c\" data-element_type=\"section\" data-e-type=\"section\">\n\t\t\t\t\t\t<div class=\"elementor-container elementor-column-gap-no\">\n\t\t\t\t\t<div class=\"elementor-column elementor-col-100 elementor-top-column elementor-element elementor-element-6381df1 lakit-col-width-auto-no\" data-id=\"6381df1\" data-element_type=\"column\" data-e-type=\"column\">\n\t\t\t<div class=\"elementor-widget-wrap elementor-element-populated\">\n\t\t\t\t\t\t<div class=\"elementor-element elementor-element-eb85b8f elementor-invisible elementor-widget elementor-widget-heading\" data-id=\"eb85b8f\" data-element_type=\"widget\" data-e-type=\"widget\" data-settings=\"{&quot;_animation&quot;:&quot;lakitShortFadeInUp&quot;,&quot;_animation_delay&quot;:200}\" data-widget_type=\"heading.default\">\n\t\t\t\t<div class=\"elementor-widget-container\">\n\t\t\t\t\t<h2 class=\"elementor-heading-title elementor-size-default\">The Blog<\/h2>\t\t\t\t<\/div>\n\t\t\t\t<\/div>\n\t\t\t\t\t<\/div>\n\t\t<\/div>\n\t\t\t\t\t<\/div>\n\t\t<\/div>\n\t\t\t\t<div class=\"elementor-section elementor-top-section elementor-element elementor-element-90773ff elementor-section-boxed elementor-section-height-default elementor-section-height-default e-parent\" data-id=\"90773ff\" data-element_type=\"section\" data-e-type=\"section\">\n\t\t\t\t\t\t<div class=\"elementor-container elementor-column-gap-no\">\n\t\t\t\t\t<div class=\"elementor-column elementor-col-100 elementor-top-column elementor-element elementor-element-3ce4745 lakit-col-width-auto-no\" data-id=\"3ce4745\" data-element_type=\"column\" data-e-type=\"column\">\n\t\t\t<div class=\"elementor-widget-wrap elementor-element-populated\">\n\t\t\t\t\t\t<div class=\"elementor-element elementor-element-b8a4d82 active-object-fit active-object-fit-true elementor-invisible elementor-widget lastudio-kit elementor-lakit-gposts elementor-lakit-posts\" data-id=\"b8a4d82\" data-element_type=\"widget\" data-e-type=\"widget\" data-settings=\"{&quot;_animation&quot;:&quot;lakitShortFadeInUp&quot;,&quot;_animation_delay&quot;:400}\" data-widget_type=\"lakit-posts.default\">\n\t\t\t\t\t\n<div id=\"lapost_b8a4d82\" class=\"lakit-posts layout-type-grid preset-grid-1 querycpt--post lakit-posts--grid\" data-item_selector=\".lakit-posts__item\" >        <div class=\"lakit-posts__list_wrapper\">\n            <div class=\"lakit-posts__list col-row\">\n            <div class=\"lakit-posts__item has-post-thumbnail cpt-post post-item-4618 col-desk-2 col-lap-2 col-tab-2 col-tabp-2 lakit--epf-standard\">\n    <div class=\"lakit-posts__outer-box\">\n        <div class=\"lakit-posts__inner-box\">            <div class=\"post-thumbnail lakit-posts__thumbnail\">\n                                    <a href=\"https:\/\/icainsaat.net\/index.php\/2021\/07\/08\/cevre-duzenleme-ve-peyzaj\/\" class=\"lakit-posts__thumbnail-link\" aria-label=\"Read more about &quot;\u00c7evre D\u00fczenleme ve Peyzaj&quot;\"><img fetchpriority=\"high\" decoding=\"async\" width=\"1920\" height=\"1080\" style=\"--img-height:1080px\" src=\"https:\/\/icainsaat.net\/wp-content\/uploads\/2021\/07\/s1.png\" class=\"lakit-posts__thumbnail-img wp-post-image la-lazyload-image wp-post-image\" alt=\"\" srcset=\"https:\/\/icainsaat.net\/wp-content\/uploads\/2021\/07\/s1.png 1920w, https:\/\/icainsaat.net\/wp-content\/uploads\/2021\/07\/s1-1536x864.png 1536w\" sizes=\"(max-width: 1920px) 100vw, 1920px\" \/><\/a>\n                                                                    <div class=\"lakit-posts__floating_category\">\n                    <div class=\"lakit-posts__floating_category-inner\"><a href=\"https:\/\/icainsaat.net\/index.php\/category\/genel\/\" rel=\"category tag\">Genel<\/a><\/div>\n                <\/div>\n                \n                                <div class=\"lakit-posts__floating_postformat lakit-posts__floating_postformat-standard\"><\/div>\n                            <\/div>\n        <div class=\"lakit-posts__inner-content\"><div class=\"lakit-posts__inner-content-inner\"><div class=\"lakit-posts__meta lakit-posts__meta1\"><div class=\"lakit-posts__meta__item lakit-posts__meta__item--date post__date\"><span class=\"meta--value\">8 Temmuz 2021<\/span><\/div><\/div><h4 class=\"lakit-posts__title\"><a href=\"https:\/\/icainsaat.net\/index.php\/2021\/07\/08\/cevre-duzenleme-ve-peyzaj\/\" title=\"\u00c7evre D\u00fczenleme ve Peyzaj\" rel=\"bookmark\">\u00c7evre D\u00fczenleme ve Peyzaj<\/a><\/h4><div class=\"lakit-posts__excerpt entry-excerpt\">\u00c7evre d\u00fczenleme ve ye\u015fil alan parklar\u0131n\u0131n estetik g\u00f6r\u00fcn\u00fcmleri hakk\u0131nda geni\u015f bilgi: \u00c7evre d\u00fczenleme, do\u011fal ve&hellip;<\/div><div class=\"lakit-posts__more-wrap lakit-btn-more-wrap\"><a href=\"https:\/\/icainsaat.net\/index.php\/2021\/07\/08\/cevre-duzenleme-ve-peyzaj\/\" class=\"elementor-button lakit-posts__btn-more lakit-btn-more\" title=\"read more &quot;\u00c7evre D\u00fczenleme ve Peyzaj&quot;\" rel=\"bookmark\"><span class=\"btn__text\">read more<\/span><span class=\"lakit-btn-more-icon\"><svg xmlns=\"http:\/\/www.w3.org\/2000\/svg\" width=\"32\" height=\"12\" fill=\"none\" viewBox=\"0 0 32 12\"><path fill=\"none\" stroke=\"currentColor\" stroke-linecap=\"round\" stroke-linejoin=\"round\" stroke-miterlimit=\"10\" d=\"M1 6h30m-4.5-5l5 5-5 5\"><\/path><\/svg><\/span><\/a><\/div><\/div><\/div><\/div>\n    <\/div>\n<\/div><div class=\"lakit-posts__item has-post-thumbnail cpt-post post-item-4616 col-desk-2 col-lap-2 col-tab-2 col-tabp-2 lakit--epf-standard\">\n    <div class=\"lakit-posts__outer-box\">\n        <div class=\"lakit-posts__inner-box\">            <div class=\"post-thumbnail lakit-posts__thumbnail\">\n                                    <a href=\"https:\/\/icainsaat.net\/index.php\/2021\/07\/08\/altyapi-ve-kanalizasyon-isleri\/\" class=\"lakit-posts__thumbnail-link\" aria-label=\"Read more about &quot;Altyap\u0131 ve Kanalizasyon \u0130\u015fleri&quot;\"><img decoding=\"async\" width=\"1920\" height=\"1080\" style=\"--img-height:1080px\" src=\"https:\/\/icainsaat.net\/wp-content\/uploads\/2021\/07\/d9.png\" class=\"lakit-posts__thumbnail-img wp-post-image la-lazyload-image wp-post-image\" alt=\"\" srcset=\"https:\/\/icainsaat.net\/wp-content\/uploads\/2021\/07\/d9.png 1920w, https:\/\/icainsaat.net\/wp-content\/uploads\/2021\/07\/d9-1536x864.png 1536w\" sizes=\"(max-width: 1920px) 100vw, 1920px\" \/><\/a>\n                                                                    <div class=\"lakit-posts__floating_category\">\n                    <div class=\"lakit-posts__floating_category-inner\"><a href=\"https:\/\/icainsaat.net\/index.php\/category\/genel\/\" rel=\"category tag\">Genel<\/a><\/div>\n                <\/div>\n                \n                                <div class=\"lakit-posts__floating_postformat lakit-posts__floating_postformat-standard\"><\/div>\n                            <\/div>\n        <div class=\"lakit-posts__inner-content\"><div class=\"lakit-posts__inner-content-inner\"><div class=\"lakit-posts__meta lakit-posts__meta1\"><div class=\"lakit-posts__meta__item lakit-posts__meta__item--date post__date\"><span class=\"meta--value\">8 Temmuz 2021<\/span><\/div><\/div><h4 class=\"lakit-posts__title\"><a href=\"https:\/\/icainsaat.net\/index.php\/2021\/07\/08\/altyapi-ve-kanalizasyon-isleri\/\" title=\"Altyap\u0131 ve Kanalizasyon \u0130\u015fleri\" rel=\"bookmark\">Altyap\u0131 ve Kanalizasyon \u0130\u015fleri<\/a><\/h4><div class=\"lakit-posts__excerpt entry-excerpt\">Altyap\u0131 kanalizasyon ve ya\u011fmur suyu tahliye i\u015fleri, \u015fehirlerin ve yerle\u015fim alanlar\u0131n\u0131n sa\u011fl\u0131kl\u0131 ve s\u00fcrd\u00fcr\u00fclebilir bir&hellip;<\/div><div class=\"lakit-posts__more-wrap lakit-btn-more-wrap\"><a href=\"https:\/\/icainsaat.net\/index.php\/2021\/07\/08\/altyapi-ve-kanalizasyon-isleri\/\" class=\"elementor-button lakit-posts__btn-more lakit-btn-more\" title=\"read more &quot;Altyap\u0131 ve Kanalizasyon \u0130\u015fleri&quot;\" rel=\"bookmark\"><span class=\"btn__text\">read more<\/span><span class=\"lakit-btn-more-icon\"><svg xmlns=\"http:\/\/www.w3.org\/2000\/svg\" width=\"32\" height=\"12\" fill=\"none\" viewBox=\"0 0 32 12\"><path fill=\"none\" stroke=\"currentColor\" stroke-linecap=\"round\" stroke-linejoin=\"round\" stroke-miterlimit=\"10\" d=\"M1 6h30m-4.5-5l5 5-5 5\"><\/path><\/svg><\/span><\/a><\/div><\/div><\/div><\/div>\n    <\/div>\n<\/div><div class=\"lakit-posts__item has-post-thumbnail cpt-post post-item-4614 col-desk-2 col-lap-2 col-tab-2 col-tabp-2 lakit--epf-standard\">\n    <div class=\"lakit-posts__outer-box\">\n        <div class=\"lakit-posts__inner-box\">            <div class=\"post-thumbnail lakit-posts__thumbnail\">\n                                    <a href=\"https:\/\/icainsaat.net\/index.php\/2021\/07\/08\/yol-ve-tretuvar-isleri\/\" class=\"lakit-posts__thumbnail-link\" aria-label=\"Read more about &quot;Yol ve Tretuvar \u0130\u015fleri&quot;\"><img decoding=\"async\" width=\"1920\" height=\"1080\" style=\"--img-height:1080px\" src=\"https:\/\/icainsaat.net\/wp-content\/uploads\/2021\/07\/yzl.png\" class=\"lakit-posts__thumbnail-img wp-post-image la-lazyload-image wp-post-image\" alt=\"\" srcset=\"https:\/\/icainsaat.net\/wp-content\/uploads\/2021\/07\/yzl.png 1920w, https:\/\/icainsaat.net\/wp-content\/uploads\/2021\/07\/yzl-1536x864.png 1536w\" sizes=\"(max-width: 1920px) 100vw, 1920px\" \/><\/a>\n                                                                    <div class=\"lakit-posts__floating_category\">\n                    <div class=\"lakit-posts__floating_category-inner\"><a href=\"https:\/\/icainsaat.net\/index.php\/category\/genel\/\" rel=\"category tag\">Genel<\/a><\/div>\n                <\/div>\n                \n                                <div class=\"lakit-posts__floating_postformat lakit-posts__floating_postformat-standard\"><\/div>\n                            <\/div>\n        <div class=\"lakit-posts__inner-content\"><div class=\"lakit-posts__inner-content-inner\"><div class=\"lakit-posts__meta lakit-posts__meta1\"><div class=\"lakit-posts__meta__item lakit-posts__meta__item--date post__date\"><span class=\"meta--value\">8 Temmuz 2021<\/span><\/div><\/div><h4 class=\"lakit-posts__title\"><a href=\"https:\/\/icainsaat.net\/index.php\/2021\/07\/08\/yol-ve-tretuvar-isleri\/\" title=\"Yol ve Tretuvar \u0130\u015fleri\" rel=\"bookmark\">Yol ve Tretuvar \u0130\u015fleri<\/a><\/h4><div class=\"lakit-posts__excerpt entry-excerpt\">Yol, kald\u0131r\u0131m ve tretuvar gibi altyap\u0131 elemanlar\u0131, \u015fehir planlamas\u0131nda ve kentsel tasar\u0131mda kritik \u00f6neme sahiptir.&hellip;<\/div><div class=\"lakit-posts__more-wrap lakit-btn-more-wrap\"><a href=\"https:\/\/icainsaat.net\/index.php\/2021\/07\/08\/yol-ve-tretuvar-isleri\/\" class=\"elementor-button lakit-posts__btn-more lakit-btn-more\" title=\"read more &quot;Yol ve Tretuvar \u0130\u015fleri&quot;\" rel=\"bookmark\"><span class=\"btn__text\">read more<\/span><span class=\"lakit-btn-more-icon\"><svg xmlns=\"http:\/\/www.w3.org\/2000\/svg\" width=\"32\" height=\"12\" fill=\"none\" viewBox=\"0 0 32 12\"><path fill=\"none\" stroke=\"currentColor\" stroke-linecap=\"round\" stroke-linejoin=\"round\" stroke-miterlimit=\"10\" d=\"M1 6h30m-4.5-5l5 5-5 5\"><\/path><\/svg><\/span><\/a><\/div><\/div><\/div><\/div>\n    <\/div>\n<\/div><div class=\"lakit-posts__item has-post-thumbnail cpt-post post-item-4609 col-desk-2 col-lap-2 col-tab-2 col-tabp-2 lakit--epf-standard\">\n    <div class=\"lakit-posts__outer-box\">\n        <div class=\"lakit-posts__inner-box\">            <div class=\"post-thumbnail lakit-posts__thumbnail\">\n                                    <a href=\"https:\/\/icainsaat.net\/index.php\/2021\/07\/08\/dere-islahi-isleri\/\" class=\"lakit-posts__thumbnail-link\" aria-label=\"Read more about &quot;Dere Islah\u0131 \u0130\u015fleri&quot;\"><img loading=\"lazy\" decoding=\"async\" width=\"1920\" height=\"1080\" style=\"--img-height:1080px\" src=\"https:\/\/icainsaat.net\/wp-content\/uploads\/2024\/07\/img7.png\" class=\"lakit-posts__thumbnail-img wp-post-image la-lazyload-image wp-post-image\" alt=\"\" srcset=\"https:\/\/icainsaat.net\/wp-content\/uploads\/2024\/07\/img7.png 1920w, https:\/\/icainsaat.net\/wp-content\/uploads\/2024\/07\/img7-1536x864.png 1536w\" sizes=\"(max-width: 1920px) 100vw, 1920px\" \/><\/a>\n                                                                    <div class=\"lakit-posts__floating_category\">\n                    <div class=\"lakit-posts__floating_category-inner\"><a href=\"https:\/\/icainsaat.net\/index.php\/category\/genel\/\" rel=\"category tag\">Genel<\/a><\/div>\n                <\/div>\n                \n                                <div class=\"lakit-posts__floating_postformat lakit-posts__floating_postformat-standard\"><\/div>\n                            <\/div>\n        <div class=\"lakit-posts__inner-content\"><div class=\"lakit-posts__inner-content-inner\"><div class=\"lakit-posts__meta lakit-posts__meta1\"><div class=\"lakit-posts__meta__item lakit-posts__meta__item--date post__date\"><span class=\"meta--value\">8 Temmuz 2021<\/span><\/div><\/div><h4 class=\"lakit-posts__title\"><a href=\"https:\/\/icainsaat.net\/index.php\/2021\/07\/08\/dere-islahi-isleri\/\" title=\"Dere Islah\u0131 \u0130\u015fleri\" rel=\"bookmark\">Dere Islah\u0131 \u0130\u015fleri<\/a><\/h4><div class=\"lakit-posts__excerpt entry-excerpt\">Dere \u0131slah\u0131, akarsu yataklar\u0131n\u0131n d\u00fczenlenmesi, iyile\u015ftirilmesi ve ta\u015fk\u0131n riskinin azalt\u0131lmas\u0131 amac\u0131yla yap\u0131lan \u00e7al\u0131\u015fmalar\u0131 ifade eder.&hellip;<\/div><div class=\"lakit-posts__more-wrap lakit-btn-more-wrap\"><a href=\"https:\/\/icainsaat.net\/index.php\/2021\/07\/08\/dere-islahi-isleri\/\" class=\"elementor-button lakit-posts__btn-more lakit-btn-more\" title=\"read more &quot;Dere Islah\u0131 \u0130\u015fleri&quot;\" rel=\"bookmark\"><span class=\"btn__text\">read more<\/span><span class=\"lakit-btn-more-icon\"><svg xmlns=\"http:\/\/www.w3.org\/2000\/svg\" width=\"32\" height=\"12\" fill=\"none\" viewBox=\"0 0 32 12\"><path fill=\"none\" stroke=\"currentColor\" stroke-linecap=\"round\" stroke-linejoin=\"round\" stroke-miterlimit=\"10\" d=\"M1 6h30m-4.5-5l5 5-5 5\"><\/path><\/svg><\/span><\/a><\/div><\/div><\/div><\/div>\n    <\/div>\n<\/div>            <\/div>\n        <\/div>\n    \n    <\/div>\t\t\t\t<\/div>\n\t\t\t\t\t<\/div>\n\t\t<\/div>\n\t\t\t\t\t<\/div>\n\t\t<\/div>\n\t\t\t\t<\/div>\n\t\t","protected":false},"excerpt":{"rendered":"<p>The Blog 5 Nisan 2024 Merhaba d\u00fcnya! WordPress&#8217;e ho\u015f geldiniz. Bu sizin ilk yaz\u0131n\u0131z. Bu yaz\u0131y\u0131 d\u00fczenleyin ya da silin. Sonra yazmaya&hellip;read more<\/p>\n","protected":false},"author":1,"featured_media":0,"parent":0,"menu_order":0,"comment_status":"closed","ping_status":"closed","template":"","meta":{"footnotes":""},"class_list":["post-3994","page","type-page","status-publish","hentry"],"_links":{"self":[{"href":"https:\/\/icainsaat.net\/index.php\/wp-json\/wp\/v2\/pages\/3994","targetHints":{"allow":["GET"]}}],"collection":[{"href":"https:\/\/icainsaat.net\/index.php\/wp-json\/wp\/v2\/pages"}],"about":[{"href":"https:\/\/icainsaat.net\/index.php\/wp-json\/wp\/v2\/types\/page"}],"author":[{"embeddable":true,"href":"https:\/\/icainsaat.net\/index.php\/wp-json\/wp\/v2\/users\/1"}],"replies":[{"embeddable":true,"href":"https:\/\/icainsaat.net\/index.php\/wp-json\/wp\/v2\/comments?post=3994"}],"version-history":[{"count":2,"href":"https:\/\/icainsaat.net\/index.php\/wp-json\/wp\/v2\/pages\/3994\/revisions"}],"predecessor-version":[{"id":7613,"href":"https:\/\/icainsaat.net\/index.php\/wp-json\/wp\/v2\/pages\/3994\/revisions\/7613"}],"wp:attachment":[{"href":"https:\/\/icainsaat.net\/index.php\/wp-json\/wp\/v2\/media?parent=3994"}],"curies":[{"name":"wp","href":"https:\/\/api.w.org\/{rel}","templated":true}]}}