{"id":3228,"date":"2021-06-25T04:38:10","date_gmt":"2021-06-25T04:38:10","guid":{"rendered":"https:\/\/astrids.la-studioweb.com\/?page_id=3228"},"modified":"2024-08-04T20:58:10","modified_gmt":"2024-08-04T17:58:10","slug":"hizmetler-galeri","status":"publish","type":"page","link":"https:\/\/icainsaat.net\/index.php\/hizmetler-galeri\/","title":{"rendered":"Hizmetler Galeri"},"content":{"rendered":"\t\t<div data-elementor-type=\"wp-page\" data-elementor-id=\"3228\" class=\"elementor elementor-3228\">\n\t\t\t\t\t\t<div class=\"elementor-section elementor-top-section elementor-element elementor-element-c31f756 elementor-section-boxed elementor-section-height-default elementor-section-height-default e-parent\" data-id=\"c31f756\" data-element_type=\"section\" data-e-type=\"section\">\n\t\t\t\t\t\t<div class=\"elementor-container elementor-column-gap-no\">\n\t\t\t\t\t<div class=\"elementor-column elementor-col-100 elementor-top-column elementor-element elementor-element-6ebf11f lakit-col-width-auto-no\" data-id=\"6ebf11f\" data-element_type=\"column\" data-e-type=\"column\">\n\t\t\t<div class=\"elementor-widget-wrap elementor-element-populated\">\n\t\t\t\t\t\t<div class=\"elementor-element elementor-element-e351a69 elementor-invisible elementor-widget elementor-widget-heading\" data-id=\"e351a69\" data-element_type=\"widget\" data-e-type=\"widget\" data-settings=\"{&quot;_animation&quot;:&quot;lakitShortFadeInUp&quot;,&quot;_animation_delay&quot;:200}\" data-widget_type=\"heading.default\">\n\t\t\t\t<div class=\"elementor-widget-container\">\n\t\t\t\t\t<h1 class=\"elementor-heading-title elementor-size-default\">Hizmetlerimiz<\/h1>\t\t\t\t<\/div>\n\t\t\t\t<\/div>\n\t\t\t\t\t<\/div>\n\t\t<\/div>\n\t\t\t\t\t<\/div>\n\t\t<\/div>\n\t\t\t\t<div class=\"elementor-section elementor-top-section elementor-element elementor-element-16ebad8 elementor-section-boxed elementor-section-height-default elementor-section-height-default e-parent\" data-id=\"16ebad8\" data-element_type=\"section\" data-e-type=\"section\">\n\t\t\t\t\t\t<div class=\"elementor-container elementor-column-gap-no\">\n\t\t\t\t\t<div class=\"elementor-column elementor-col-100 elementor-top-column elementor-element elementor-element-975ee5a lakit-col-width-auto-no\" data-id=\"975ee5a\" data-element_type=\"column\" data-e-type=\"column\">\n\t\t\t<div class=\"elementor-widget-wrap elementor-element-populated\">\n\t\t\t\t\t\t<div class=\"elementor-element elementor-element-77f0f94 img-pos-center elementor-invisible elementor-widget elementor-widget-lastudio-portfolio\" data-id=\"77f0f94\" data-element_type=\"widget\" data-e-type=\"widget\" data-settings=\"{&quot;_animation&quot;:&quot;lakitShortFadeInUp&quot;,&quot;_animation_delay&quot;:400}\" data-widget_type=\"lastudio-portfolio.default\">\n\t\t\t\t<div class=\"elementor-widget-container\">\n\t\t\t\t\t\n<div id=\"pf_77f0f94\" class=\"lastudio-portfolio layout-type-grid preset-type-3 playout-grid\">    <div class=\"lastudio-portfolio__list_wrapper\">\n        <div class=\"lastudio-portfolio__list active-object-fit grid-items block-grid-3 laptop-block-grid-3 tablet-block-grid-3 mobile-block-grid-3 xmobile-block-grid-1\" data-item_selector=\".loop__item\">\n        <article class=\"loop__item grid-item lastudio-portfolio__item visible-status post-4332 la_portfolio type-la_portfolio status-publish has-post-thumbnail hentry\">\n    <div class=\"lastudio-portfolio__inner\">\n        <div class=\"lastudio-portfolio__image_wrap\">\n            <a class=\"lastudio-images-layout__link\" href=\"https:\/\/icainsaat.net\/index.php\/portfolio\/altyapi-ve-kanalizasyon-isleri\/\">\n                <figure class=\"figure__object_fit lastudio-portfolio__image\">\n                    <img fetchpriority=\"high\" decoding=\"async\" width=\"1920\" height=\"1080\" style=\"--img-height:1080px\" src=\"https:\/\/icainsaat.net\/wp-content\/uploads\/2024\/07\/sld5.png\" class=\"lastudio-portfolio__image-instance wp-post-image\" alt=\"\" srcset=\"https:\/\/icainsaat.net\/wp-content\/uploads\/2024\/07\/sld5.png 1920w, https:\/\/icainsaat.net\/wp-content\/uploads\/2024\/07\/sld5-1536x864.png 1536w\" sizes=\"(max-width: 1920px) 100vw, 1920px\" \/>                <\/figure>\n            <\/a>\n            <div class=\"lastudio-portfolio__icons\">\n                <a href=\"https:\/\/icainsaat.net\/index.php\/portfolio\/altyapi-ve-kanalizasyon-isleri\/\" class=\"lastudio-portfolio__icon_link\"><i class=\"lastudioicon-e-add\"><\/i><\/a>\n            <\/div>\n        <\/div>\n        <div class=\"lastudio-portfolio__content\">\n            <div class=\"lastudio-portfolio__content-inner\">\n                <div class=\"lastudio-portfolio__content-inner2\"><h3 class=\"lastudio-portfolio__title\"><a href=\"https:\/\/icainsaat.net\/index.php\/portfolio\/altyapi-ve-kanalizasyon-isleri\/\">Altyap\u0131 ve Kanalizasyon \u0130\u015fleri<\/a><\/h3><div class=\"lastudio-portfolio__button_wrap\"><a class=\"lastudio-portfolio__button elementor-button-link elementor-button elementor-btn-align-icon-left\" href=\"https:\/\/icainsaat.net\/index.php\/portfolio\/altyapi-ve-kanalizasyon-isleri\/\"><span class=\"elementor-button-content-wrapper\"><span class=\"elementor-button-icon elementor-align-icon-left\"><svg xmlns=\"http:\/\/www.w3.org\/2000\/svg\" width=\"32\" height=\"12\" fill=\"none\" viewBox=\"0 0 32 12\"><path fill=\"none\" stroke=\"currentColor\" stroke-linecap=\"round\" stroke-linejoin=\"round\" stroke-miterlimit=\"10\" d=\"M1 6h30m-4.5-5l5 5-5 5\"><\/path><\/svg><\/span><\/span><\/a><\/div>                <\/div>\n            <\/div>\n        <\/div>\n    <\/div>\n<\/article><article class=\"loop__item grid-item lastudio-portfolio__item visible-status post-4330 la_portfolio type-la_portfolio status-publish has-post-thumbnail hentry la_portfolio_category-cevre-duzenleme-ve-peyzaj-isleri\">\n    <div class=\"lastudio-portfolio__inner\">\n        <div class=\"lastudio-portfolio__image_wrap\">\n            <a class=\"lastudio-images-layout__link\" href=\"https:\/\/icainsaat.net\/index.php\/portfolio\/cevre-duzenleme-ve-peyzaj-isleri\/\">\n                <figure class=\"figure__object_fit lastudio-portfolio__image\">\n                    <img decoding=\"async\" width=\"1920\" height=\"1080\" style=\"--img-height:1080px\" src=\"https:\/\/icainsaat.net\/wp-content\/uploads\/2024\/07\/img6.png\" class=\"lastudio-portfolio__image-instance wp-post-image\" alt=\"\" srcset=\"https:\/\/icainsaat.net\/wp-content\/uploads\/2024\/07\/img6.png 1920w, https:\/\/icainsaat.net\/wp-content\/uploads\/2024\/07\/img6-1536x864.png 1536w\" sizes=\"(max-width: 1920px) 100vw, 1920px\" \/>                <\/figure>\n            <\/a>\n            <div class=\"lastudio-portfolio__icons\">\n                <a href=\"https:\/\/icainsaat.net\/index.php\/portfolio\/cevre-duzenleme-ve-peyzaj-isleri\/\" class=\"lastudio-portfolio__icon_link\"><i class=\"lastudioicon-e-add\"><\/i><\/a>\n            <\/div>\n        <\/div>\n        <div class=\"lastudio-portfolio__content\">\n            <div class=\"lastudio-portfolio__content-inner\">\n                <div class=\"lastudio-portfolio__content-inner2\"><h3 class=\"lastudio-portfolio__title\"><a href=\"https:\/\/icainsaat.net\/index.php\/portfolio\/cevre-duzenleme-ve-peyzaj-isleri\/\">\u00c7evre D\u00fczenleme ve Peyzaj \u0130\u015fleri<\/a><\/h3><div class=\"lastudio-portfolio__button_wrap\"><a class=\"lastudio-portfolio__button elementor-button-link elementor-button elementor-btn-align-icon-left\" href=\"https:\/\/icainsaat.net\/index.php\/portfolio\/cevre-duzenleme-ve-peyzaj-isleri\/\"><span class=\"elementor-button-content-wrapper\"><span class=\"elementor-button-icon elementor-align-icon-left\"><svg xmlns=\"http:\/\/www.w3.org\/2000\/svg\" width=\"32\" height=\"12\" fill=\"none\" viewBox=\"0 0 32 12\"><path fill=\"none\" stroke=\"currentColor\" stroke-linecap=\"round\" stroke-linejoin=\"round\" stroke-miterlimit=\"10\" d=\"M1 6h30m-4.5-5l5 5-5 5\"><\/path><\/svg><\/span><\/span><\/a><\/div>                <\/div>\n            <\/div>\n        <\/div>\n    <\/div>\n<\/article><article class=\"loop__item grid-item lastudio-portfolio__item visible-status post-4123 la_portfolio type-la_portfolio status-publish has-post-thumbnail hentry\">\n    <div class=\"lastudio-portfolio__inner\">\n        <div class=\"lastudio-portfolio__image_wrap\">\n            <a class=\"lastudio-images-layout__link\" href=\"https:\/\/icainsaat.net\/index.php\/portfolio\/yol-ve-tretuvar-isleri\/\">\n                <figure class=\"figure__object_fit lastudio-portfolio__image\">\n                    <img decoding=\"async\" width=\"1920\" height=\"1080\" style=\"--img-height:1080px\" src=\"https:\/\/icainsaat.net\/wp-content\/uploads\/2024\/07\/Sld3.png\" class=\"lastudio-portfolio__image-instance wp-post-image\" alt=\"\" srcset=\"https:\/\/icainsaat.net\/wp-content\/uploads\/2024\/07\/Sld3.png 1920w, https:\/\/icainsaat.net\/wp-content\/uploads\/2024\/07\/Sld3-1536x864.png 1536w\" sizes=\"(max-width: 1920px) 100vw, 1920px\" \/>                <\/figure>\n            <\/a>\n            <div class=\"lastudio-portfolio__icons\">\n                <a href=\"https:\/\/icainsaat.net\/index.php\/portfolio\/yol-ve-tretuvar-isleri\/\" class=\"lastudio-portfolio__icon_link\"><i class=\"lastudioicon-e-add\"><\/i><\/a>\n            <\/div>\n        <\/div>\n        <div class=\"lastudio-portfolio__content\">\n            <div class=\"lastudio-portfolio__content-inner\">\n                <div class=\"lastudio-portfolio__content-inner2\"><h3 class=\"lastudio-portfolio__title\"><a href=\"https:\/\/icainsaat.net\/index.php\/portfolio\/yol-ve-tretuvar-isleri\/\">Yol ve Tretuvar \u0130\u015fleri<\/a><\/h3><div class=\"lastudio-portfolio__button_wrap\"><a class=\"lastudio-portfolio__button elementor-button-link elementor-button elementor-btn-align-icon-left\" href=\"https:\/\/icainsaat.net\/index.php\/portfolio\/yol-ve-tretuvar-isleri\/\"><span class=\"elementor-button-content-wrapper\"><span class=\"elementor-button-icon elementor-align-icon-left\"><svg xmlns=\"http:\/\/www.w3.org\/2000\/svg\" width=\"32\" height=\"12\" fill=\"none\" viewBox=\"0 0 32 12\"><path fill=\"none\" stroke=\"currentColor\" stroke-linecap=\"round\" stroke-linejoin=\"round\" stroke-miterlimit=\"10\" d=\"M1 6h30m-4.5-5l5 5-5 5\"><\/path><\/svg><\/span><\/span><\/a><\/div>                <\/div>\n            <\/div>\n        <\/div>\n    <\/div>\n<\/article><article class=\"loop__item grid-item lastudio-portfolio__item visible-status post-4116 la_portfolio type-la_portfolio status-publish has-post-thumbnail hentry\">\n    <div class=\"lastudio-portfolio__inner\">\n        <div class=\"lastudio-portfolio__image_wrap\">\n            <a class=\"lastudio-images-layout__link\" href=\"https:\/\/icainsaat.net\/index.php\/portfolio\/dere-islahi-isleri\/\">\n                <figure class=\"figure__object_fit lastudio-portfolio__image\">\n                    <img loading=\"lazy\" decoding=\"async\" width=\"1920\" height=\"1080\" style=\"--img-height:1080px\" src=\"https:\/\/icainsaat.net\/wp-content\/uploads\/2024\/07\/img7.png\" class=\"lastudio-portfolio__image-instance wp-post-image\" alt=\"\" srcset=\"https:\/\/icainsaat.net\/wp-content\/uploads\/2024\/07\/img7.png 1920w, https:\/\/icainsaat.net\/wp-content\/uploads\/2024\/07\/img7-1536x864.png 1536w\" sizes=\"(max-width: 1920px) 100vw, 1920px\" \/>                <\/figure>\n            <\/a>\n            <div class=\"lastudio-portfolio__icons\">\n                <a href=\"https:\/\/icainsaat.net\/index.php\/portfolio\/dere-islahi-isleri\/\" class=\"lastudio-portfolio__icon_link\"><i class=\"lastudioicon-e-add\"><\/i><\/a>\n            <\/div>\n        <\/div>\n        <div class=\"lastudio-portfolio__content\">\n            <div class=\"lastudio-portfolio__content-inner\">\n                <div class=\"lastudio-portfolio__content-inner2\"><h3 class=\"lastudio-portfolio__title\"><a href=\"https:\/\/icainsaat.net\/index.php\/portfolio\/dere-islahi-isleri\/\">Dere Islah\u0131 \u0130\u015fleri<\/a><\/h3><div class=\"lastudio-portfolio__button_wrap\"><a class=\"lastudio-portfolio__button elementor-button-link elementor-button elementor-btn-align-icon-left\" href=\"https:\/\/icainsaat.net\/index.php\/portfolio\/dere-islahi-isleri\/\"><span class=\"elementor-button-content-wrapper\"><span class=\"elementor-button-icon elementor-align-icon-left\"><svg xmlns=\"http:\/\/www.w3.org\/2000\/svg\" width=\"32\" height=\"12\" fill=\"none\" viewBox=\"0 0 32 12\"><path fill=\"none\" stroke=\"currentColor\" stroke-linecap=\"round\" stroke-linejoin=\"round\" stroke-miterlimit=\"10\" d=\"M1 6h30m-4.5-5l5 5-5 5\"><\/path><\/svg><\/span><\/span><\/a><\/div>                <\/div>\n            <\/div>\n        <\/div>\n    <\/div>\n<\/article>        <\/div>\n    <\/div>\n    \n    <\/div>\n\t\t\t\t<\/div>\n\t\t\t\t<\/div>\n\t\t\t\t\t<\/div>\n\t\t<\/div>\n\t\t\t\t\t<\/div>\n\t\t<\/div>\n\t\t<div class=\"elementor-element elementor-element-98df05e e-flex e-con-boxed lakit-col-width-auto-no e-container e-root-container elementor-top-section e-con e-parent\" data-id=\"98df05e\" data-element_type=\"container\" data-e-type=\"container\">\n\t\t\t\t\t<div class=\"e-con-inner\">\n\t\t\t\t<div class=\"elementor-element elementor-element-e1f64f9 elementor-widget elementor-widget-spacer\" data-id=\"e1f64f9\" data-element_type=\"widget\" data-e-type=\"widget\" data-widget_type=\"spacer.default\">\n\t\t\t\t<div class=\"elementor-widget-container\">\n\t\t\t\t\t\t\t<div class=\"elementor-spacer\">\n\t\t\t<div class=\"elementor-spacer-inner\"><\/div>\n\t\t<\/div>\n\t\t\t\t\t\t<\/div>\n\t\t\t\t<\/div>\n\t\t\t\t\t<\/div>\n\t\t\t\t<\/div>\n\t\t\t\t<\/div>\n\t\t","protected":false},"excerpt":{"rendered":"<p>Hizmetlerimiz Black &#038; Gold Luxury Design New York Opera Design Mega Mall Exterior Design Single Portfolio 03 Single Portfolio 02 Single Portfolio 01<\/p>\n","protected":false},"author":1,"featured_media":0,"parent":0,"menu_order":0,"comment_status":"closed","ping_status":"closed","template":"","meta":{"footnotes":""},"class_list":["post-3228","page","type-page","status-publish","hentry"],"_links":{"self":[{"href":"https:\/\/icainsaat.net\/index.php\/wp-json\/wp\/v2\/pages\/3228","targetHints":{"allow":["GET"]}}],"collection":[{"href":"https:\/\/icainsaat.net\/index.php\/wp-json\/wp\/v2\/pages"}],"about":[{"href":"https:\/\/icainsaat.net\/index.php\/wp-json\/wp\/v2\/types\/page"}],"author":[{"embeddable":true,"href":"https:\/\/icainsaat.net\/index.php\/wp-json\/wp\/v2\/users\/1"}],"replies":[{"embeddable":true,"href":"https:\/\/icainsaat.net\/index.php\/wp-json\/wp\/v2\/comments?post=3228"}],"version-history":[{"count":5,"href":"https:\/\/icainsaat.net\/index.php\/wp-json\/wp\/v2\/pages\/3228\/revisions"}],"predecessor-version":[{"id":7841,"href":"https:\/\/icainsaat.net\/index.php\/wp-json\/wp\/v2\/pages\/3228\/revisions\/7841"}],"wp:attachment":[{"href":"https:\/\/icainsaat.net\/index.php\/wp-json\/wp\/v2\/media?parent=3228"}],"curies":[{"name":"wp","href":"https:\/\/api.w.org\/{rel}","templated":true}]}}