{"id":3190,"date":"2021-06-24T10:41:35","date_gmt":"2021-06-24T10:41:35","guid":{"rendered":"https:\/\/astrids.la-studioweb.com\/?page_id=3190"},"modified":"2024-08-04T20:59:27","modified_gmt":"2024-08-04T17:59:27","slug":"projelerimiz","status":"publish","type":"page","link":"https:\/\/icainsaat.net\/index.php\/projelerimiz\/","title":{"rendered":"Projelerimiz"},"content":{"rendered":"\t\t<div data-elementor-type=\"wp-page\" data-elementor-id=\"3190\" class=\"elementor elementor-3190\">\n\t\t\t\t\t\t<div class=\"elementor-section elementor-top-section elementor-element elementor-element-793821e elementor-section-boxed elementor-section-height-default elementor-section-height-default e-parent\" data-id=\"793821e\" data-element_type=\"section\" data-e-type=\"section\">\n\t\t\t\t\t\t<div class=\"elementor-container elementor-column-gap-no\">\n\t\t\t\t\t<div class=\"elementor-column elementor-col-100 elementor-top-column elementor-element elementor-element-96083a7 lakit-col-width-auto-no\" data-id=\"96083a7\" data-element_type=\"column\" data-e-type=\"column\">\n\t\t\t<div class=\"elementor-widget-wrap elementor-element-populated\">\n\t\t\t\t\t\t<div class=\"elementor-element elementor-element-4b27fb4 elementor-invisible elementor-widget elementor-widget-heading\" data-id=\"4b27fb4\" data-element_type=\"widget\" data-e-type=\"widget\" data-settings=\"{&quot;_animation&quot;:&quot;lakitShortFadeInUp&quot;,&quot;_animation_delay&quot;:200}\" data-widget_type=\"heading.default\">\n\t\t\t\t<div class=\"elementor-widget-container\">\n\t\t\t\t\t<h2 class=\"elementor-heading-title elementor-size-default\">Hizmetlerimiz<\/h2>\t\t\t\t<\/div>\n\t\t\t\t<\/div>\n\t\t\t\t<div class=\"elementor-element elementor-element-375365d elementor-invisible elementor-widget elementor-widget-text-editor\" data-id=\"375365d\" data-element_type=\"widget\" data-e-type=\"widget\" data-settings=\"{&quot;_animation&quot;:&quot;lakitShortFadeInUp&quot;,&quot;_animation_delay&quot;:400}\" data-widget_type=\"text-editor.default\">\n\t\t\t\t<div class=\"elementor-widget-container\">\n\t\t\t\t\t\t\t\t\t<p>\u0130ca \u0130n\u015faat olarak, sekt\u00f6rdeki en iyi uygulamalar\u0131 hayata ge\u00e7irerek, ulusal ve uluslararas\u0131 projelerde g\u00fcvenilir bir partner olmay\u0131 hedefliyoruz.\u00a0<\/p>\t\t\t\t\t\t\t\t<\/div>\n\t\t\t\t<\/div>\n\t\t\t\t\t<\/div>\n\t\t<\/div>\n\t\t\t\t\t<\/div>\n\t\t<\/div>\n\t\t\t\t<div class=\"elementor-section elementor-top-section elementor-element elementor-element-1ba2d1b elementor-section-boxed elementor-section-height-default elementor-section-height-default e-parent\" data-id=\"1ba2d1b\" data-element_type=\"section\" data-e-type=\"section\">\n\t\t\t\t\t\t<div class=\"elementor-container elementor-column-gap-no\">\n\t\t\t\t\t<div class=\"elementor-column elementor-col-100 elementor-top-column elementor-element elementor-element-e68d330 lakit-col-width-auto-no\" data-id=\"e68d330\" data-element_type=\"column\" data-e-type=\"column\">\n\t\t\t<div class=\"elementor-widget-wrap elementor-element-populated\">\n\t\t\t\t\t\t<div class=\"elementor-element elementor-element-b7c41cd elementor-invisible elementor-widget elementor-widget-lastudio-portfolio\" data-id=\"b7c41cd\" data-element_type=\"widget\" data-e-type=\"widget\" data-settings=\"{&quot;_animation&quot;:&quot;fadeInUp&quot;,&quot;_animation_delay&quot;:600}\" data-widget_type=\"lastudio-portfolio.default\">\n\t\t\t\t<div class=\"elementor-widget-container\">\n\t\t\t\t\t\n<div id=\"pf_b7c41cd\" class=\"lastudio-portfolio layout-type-masonry preset-type-3 playout-grid\">    <div class=\"lastudio-portfolio__list_wrapper\">\n        <div class=\"lastudio-portfolio__list js-el la-isotope-container\" data-item_selector=\".loop__item\" data-la_component=\"AdvancedMasonry\" data-container-width=\"1440\" data-item-width=\"690\" data-item-height=\"660\" data-md-col=\"2\" data-sm-col=\"2\" data-xs-col=\"2\">\n        <article class=\"loop__item grid-item lastudio-portfolio__item visible-status post-4332 la_portfolio type-la_portfolio status-publish has-post-thumbnail hentry\" data-width=\"1\" data-height=\"0.75\">\n    <div class=\"lastudio-portfolio__inner\">\n        <div class=\"lastudio-portfolio__image_wrap\">\n            <a class=\"lastudio-images-layout__link\" href=\"https:\/\/icainsaat.net\/index.php\/portfolio\/altyapi-ve-kanalizasyon-isleri\/\">\n                <figure class=\"figure__object_fit lastudio-portfolio__image\">\n                    <img fetchpriority=\"high\" decoding=\"async\" width=\"1920\" height=\"1080\" style=\"--img-height:1080px\" src=\"https:\/\/icainsaat.net\/wp-content\/uploads\/2024\/07\/sld5.png\" class=\"lastudio-portfolio__image-instance wp-post-image\" alt=\"\" srcset=\"https:\/\/icainsaat.net\/wp-content\/uploads\/2024\/07\/sld5.png 1920w, https:\/\/icainsaat.net\/wp-content\/uploads\/2024\/07\/sld5-1536x864.png 1536w\" sizes=\"(max-width: 1920px) 100vw, 1920px\" \/>                <\/figure>\n            <\/a>\n            <div class=\"lastudio-portfolio__icons\">\n                <a href=\"https:\/\/icainsaat.net\/index.php\/portfolio\/altyapi-ve-kanalizasyon-isleri\/\" class=\"lastudio-portfolio__icon_link\"><i class=\"lastudioicon-e-add\"><\/i><\/a>\n            <\/div>\n        <\/div>\n        <div class=\"lastudio-portfolio__content\">\n            <div class=\"lastudio-portfolio__content-inner\">\n                <div class=\"lastudio-portfolio__content-inner2\"><h3 class=\"lastudio-portfolio__title\"><a href=\"https:\/\/icainsaat.net\/index.php\/portfolio\/altyapi-ve-kanalizasyon-isleri\/\">Altyap\u0131 ve Kanalizasyon \u0130\u015fleri<\/a><\/h3>                <\/div>\n            <\/div>\n        <\/div>\n    <\/div>\n<\/article><article class=\"loop__item grid-item lastudio-portfolio__item visible-status post-4330 la_portfolio type-la_portfolio status-publish has-post-thumbnail hentry la_portfolio_category-cevre-duzenleme-ve-peyzaj-isleri\" data-width=\"1\" data-height=\"1\">\n    <div class=\"lastudio-portfolio__inner\">\n        <div class=\"lastudio-portfolio__image_wrap\">\n            <a class=\"lastudio-images-layout__link\" href=\"https:\/\/icainsaat.net\/index.php\/portfolio\/cevre-duzenleme-ve-peyzaj-isleri\/\">\n                <figure class=\"figure__object_fit lastudio-portfolio__image\">\n                    <img decoding=\"async\" width=\"1920\" height=\"1080\" style=\"--img-height:1080px\" src=\"https:\/\/icainsaat.net\/wp-content\/uploads\/2024\/07\/img6.png\" class=\"lastudio-portfolio__image-instance wp-post-image\" alt=\"\" srcset=\"https:\/\/icainsaat.net\/wp-content\/uploads\/2024\/07\/img6.png 1920w, https:\/\/icainsaat.net\/wp-content\/uploads\/2024\/07\/img6-1536x864.png 1536w\" sizes=\"(max-width: 1920px) 100vw, 1920px\" \/>                <\/figure>\n            <\/a>\n            <div class=\"lastudio-portfolio__icons\">\n                <a href=\"https:\/\/icainsaat.net\/index.php\/portfolio\/cevre-duzenleme-ve-peyzaj-isleri\/\" class=\"lastudio-portfolio__icon_link\"><i class=\"lastudioicon-e-add\"><\/i><\/a>\n            <\/div>\n        <\/div>\n        <div class=\"lastudio-portfolio__content\">\n            <div class=\"lastudio-portfolio__content-inner\">\n                <div class=\"lastudio-portfolio__content-inner2\"><h3 class=\"lastudio-portfolio__title\"><a href=\"https:\/\/icainsaat.net\/index.php\/portfolio\/cevre-duzenleme-ve-peyzaj-isleri\/\">\u00c7evre D\u00fczenleme ve Peyzaj \u0130\u015fleri<\/a><\/h3>                <\/div>\n            <\/div>\n        <\/div>\n    <\/div>\n<\/article><article class=\"loop__item grid-item lastudio-portfolio__item visible-status post-4123 la_portfolio type-la_portfolio status-publish has-post-thumbnail hentry\" data-width=\"1\" data-height=\"0.80\">\n    <div class=\"lastudio-portfolio__inner\">\n        <div class=\"lastudio-portfolio__image_wrap\">\n            <a class=\"lastudio-images-layout__link\" href=\"https:\/\/icainsaat.net\/index.php\/portfolio\/yol-ve-tretuvar-isleri\/\">\n                <figure class=\"figure__object_fit lastudio-portfolio__image\">\n                    <img decoding=\"async\" width=\"1920\" height=\"1080\" style=\"--img-height:1080px\" src=\"https:\/\/icainsaat.net\/wp-content\/uploads\/2024\/07\/Sld3.png\" class=\"lastudio-portfolio__image-instance wp-post-image\" alt=\"\" srcset=\"https:\/\/icainsaat.net\/wp-content\/uploads\/2024\/07\/Sld3.png 1920w, https:\/\/icainsaat.net\/wp-content\/uploads\/2024\/07\/Sld3-1536x864.png 1536w\" sizes=\"(max-width: 1920px) 100vw, 1920px\" \/>                <\/figure>\n            <\/a>\n            <div class=\"lastudio-portfolio__icons\">\n                <a href=\"https:\/\/icainsaat.net\/index.php\/portfolio\/yol-ve-tretuvar-isleri\/\" class=\"lastudio-portfolio__icon_link\"><i class=\"lastudioicon-e-add\"><\/i><\/a>\n            <\/div>\n        <\/div>\n        <div class=\"lastudio-portfolio__content\">\n            <div class=\"lastudio-portfolio__content-inner\">\n                <div class=\"lastudio-portfolio__content-inner2\"><h3 class=\"lastudio-portfolio__title\"><a href=\"https:\/\/icainsaat.net\/index.php\/portfolio\/yol-ve-tretuvar-isleri\/\">Yol ve Tretuvar \u0130\u015fleri<\/a><\/h3>                <\/div>\n            <\/div>\n        <\/div>\n    <\/div>\n<\/article><article class=\"loop__item grid-item lastudio-portfolio__item visible-status post-4116 la_portfolio type-la_portfolio status-publish has-post-thumbnail hentry\" data-width=\"1\" data-height=\"0.80\">\n    <div class=\"lastudio-portfolio__inner\">\n        <div class=\"lastudio-portfolio__image_wrap\">\n            <a class=\"lastudio-images-layout__link\" href=\"https:\/\/icainsaat.net\/index.php\/portfolio\/dere-islahi-isleri\/\">\n                <figure class=\"figure__object_fit lastudio-portfolio__image\">\n                    <img loading=\"lazy\" decoding=\"async\" width=\"1920\" height=\"1080\" style=\"--img-height:1080px\" src=\"https:\/\/icainsaat.net\/wp-content\/uploads\/2024\/07\/img7.png\" class=\"lastudio-portfolio__image-instance wp-post-image\" alt=\"\" srcset=\"https:\/\/icainsaat.net\/wp-content\/uploads\/2024\/07\/img7.png 1920w, https:\/\/icainsaat.net\/wp-content\/uploads\/2024\/07\/img7-1536x864.png 1536w\" sizes=\"(max-width: 1920px) 100vw, 1920px\" \/>                <\/figure>\n            <\/a>\n            <div class=\"lastudio-portfolio__icons\">\n                <a href=\"https:\/\/icainsaat.net\/index.php\/portfolio\/dere-islahi-isleri\/\" class=\"lastudio-portfolio__icon_link\"><i class=\"lastudioicon-e-add\"><\/i><\/a>\n            <\/div>\n        <\/div>\n        <div class=\"lastudio-portfolio__content\">\n            <div class=\"lastudio-portfolio__content-inner\">\n                <div class=\"lastudio-portfolio__content-inner2\"><h3 class=\"lastudio-portfolio__title\"><a href=\"https:\/\/icainsaat.net\/index.php\/portfolio\/dere-islahi-isleri\/\">Dere Islah\u0131 \u0130\u015fleri<\/a><\/h3>                <\/div>\n            <\/div>\n        <\/div>\n    <\/div>\n<\/article><div class=\"la-isotope-loading\"><span><\/span><\/div>        <\/div>\n    <\/div>\n    \n    <\/div>\n\t\t\t\t<\/div>\n\t\t\t\t<\/div>\n\t\t\t\t<div class=\"elementor-element elementor-element-580f071 elementor-align-center elementor-invisible elementor-widget lastudio-kit elementor-lakit-button\" data-id=\"580f071\" data-element_type=\"widget\" data-e-type=\"widget\" data-settings=\"{&quot;_animation&quot;:&quot;fadeInUp&quot;,&quot;_animation_delay&quot;:200}\" data-widget_type=\"lakit-button.default\">\n\t\t\t\t\t        <a href=\"#top\" class=\"elementor-button-link elementor-button elementor-btn-align-icon-top elementor-size-sm\" role=\"button\">\n                    <span class=\"elementor-button-content-wrapper\">\n\t\t\t                <span class=\"elementor-button-icon\">\n\t\t\t\t<svg xmlns=\"http:\/\/www.w3.org\/2000\/svg\" width=\"12\" height=\"32\" fill=\"none\" viewBox=\"0 0 12 32\"><path fill=\"none\" stroke=\"currentColor\" stroke-linecap=\"round\" stroke-linejoin=\"round\" stroke-miterlimit=\"10\" d=\"M6.25 31.5v-30m-5 4.5l5-5 5 5\"><\/path><\/svg>\t\t\t<\/span>\n            \t\t\t<span class=\"elementor-button-text\">Go to top<\/span>\n\t\t<\/span>\n                <\/a>\n        \t\t\t\t<\/div>\n\t\t\t\t\t<\/div>\n\t\t<\/div>\n\t\t\t\t\t<\/div>\n\t\t<\/div>\n\t\t\t\t<\/div>\n\t\t","protected":false},"excerpt":{"rendered":"<p>Hizmetlerimiz \u0130ca \u0130n\u015faat olarak, sekt\u00f6rdeki en iyi uygulamalar\u0131 hayata ge\u00e7irerek, ulusal ve uluslararas\u0131 projelerde g\u00fcvenilir bir partner olmay\u0131 hedefliyoruz.\u00a0 Altyap\u0131 ve Kanalizasyon \u0130\u015fleri \u00c7evre D\u00fczenleme \u0130\u015fleri Mega Mall Exterior Design Single Portfolio 03 Single Portfolio 02 Single [&hellip;]<\/p>\n","protected":false},"author":1,"featured_media":0,"parent":0,"menu_order":0,"comment_status":"closed","ping_status":"closed","template":"","meta":{"footnotes":""},"class_list":["post-3190","page","type-page","status-publish","hentry"],"_links":{"self":[{"href":"https:\/\/icainsaat.net\/index.php\/wp-json\/wp\/v2\/pages\/3190","targetHints":{"allow":["GET"]}}],"collection":[{"href":"https:\/\/icainsaat.net\/index.php\/wp-json\/wp\/v2\/pages"}],"about":[{"href":"https:\/\/icainsaat.net\/index.php\/wp-json\/wp\/v2\/types\/page"}],"author":[{"embeddable":true,"href":"https:\/\/icainsaat.net\/index.php\/wp-json\/wp\/v2\/users\/1"}],"replies":[{"embeddable":true,"href":"https:\/\/icainsaat.net\/index.php\/wp-json\/wp\/v2\/comments?post=3190"}],"version-history":[{"count":17,"href":"https:\/\/icainsaat.net\/index.php\/wp-json\/wp\/v2\/pages\/3190\/revisions"}],"predecessor-version":[{"id":7951,"href":"https:\/\/icainsaat.net\/index.php\/wp-json\/wp\/v2\/pages\/3190\/revisions\/7951"}],"wp:attachment":[{"href":"https:\/\/icainsaat.net\/index.php\/wp-json\/wp\/v2\/media?parent=3190"}],"curies":[{"name":"wp","href":"https:\/\/api.w.org\/{rel}","templated":true}]}}